{"id":31,"date":"2023-04-27T09:48:12","date_gmt":"2023-04-27T12:48:12","guid":{"rendered":"http:\/\/gecbem.org.in\/?page_id=31"},"modified":"2026-04-06T15:02:41","modified_gmt":"2026-04-06T18:02:41","slug":"gecbem-org-2","status":"publish","type":"page","link":"https:\/\/gecbem.org.in\/","title":{"rendered":"Home"},"content":{"rendered":"\n<h2 class=\"wp-block-heading has-text-align-center\">Esp\u00edritas! amai-vos, este o primeiro ensinamento; instru\u00ed-vos, este o segundo. (<em>O Esp\u00edrito de Verdade. (Paris, 1860.)<\/em>)<\/h2>\n\n\n\n<hr class=\"wp-block-separator has-alpha-channel-opacity\"\/>\n\n\n\n<figure class=\"wp-block-gallery has-nested-images columns-default is-cropped wp-block-gallery-1 is-layout-flex wp-block-gallery-is-layout-flex\">\n<figure class=\"wp-block-image size-large\"><a href=\"https:\/\/gecbem.org.in\/?p=191\"><img loading=\"lazy\" decoding=\"async\" width=\"1024\" height=\"576\" data-id=\"2176\" src=\"https:\/\/gecbem.org.in\/wp-content\/uploads\/2026\/01\/Curso-de-Passe-Espirita-e-ESDE-1024x576.jpg\" alt=\"\" class=\"wp-image-2176\" srcset=\"https:\/\/gecbem.org.in\/wp-content\/uploads\/2026\/01\/Curso-de-Passe-Espirita-e-ESDE-1024x576.jpg 1024w, https:\/\/gecbem.org.in\/wp-content\/uploads\/2026\/01\/Curso-de-Passe-Espirita-e-ESDE-300x169.jpg 300w, https:\/\/gecbem.org.in\/wp-content\/uploads\/2026\/01\/Curso-de-Passe-Espirita-e-ESDE-768x432.jpg 768w, https:\/\/gecbem.org.in\/wp-content\/uploads\/2026\/01\/Curso-de-Passe-Espirita-e-ESDE-1536x864.jpg 1536w, https:\/\/gecbem.org.in\/wp-content\/uploads\/2026\/01\/Curso-de-Passe-Espirita-e-ESDE-850x478.jpg 850w, https:\/\/gecbem.org.in\/wp-content\/uploads\/2026\/01\/Curso-de-Passe-Espirita-e-ESDE.jpg 1920w\" sizes=\"auto, (max-width: 1024px) 100vw, 1024px\" \/><\/a><\/figure>\n<\/figure>\n\n\n\n<hr class=\"wp-block-separator has-alpha-channel-opacity\"\/>\n\n\n\n<h2 class=\"wp-block-heading has-text-align-center\">Como solicitar Atendimento Fraterno, Visita Fraterna e Ora\u00e7\u00e3o<\/h2>\n\n\n\n<p>Caso queira solicitar <strong><em>Atendimento Fraterno<\/em><\/strong> ou <strong><em>Visita Fraterna<\/em><\/strong> ou <strong><em>Ora\u00e7\u00e3o<\/em><\/strong>, basta preencher o &#8220;<strong>Formul\u00e1rio de Contato<\/strong>&#8221; que est\u00e1 no final desta p\u00e1gina. <\/p>\n\n\n\n<p>Para as solicita\u00e7\u00f5es de <strong><em>Atendimento<\/em><\/strong> e <strong><em>Visita Fraterna<\/em><\/strong> entraremos em contato para agendarmos atrav\u00e9s do n\u00ba WhhatsApp informado. <\/p>\n\n\n\n<p>No caso de solicita\u00e7\u00e3o de <strong><em>Ora\u00e7\u00e3o<\/em><\/strong>, colocaremos os dados da(s) pessoa(s) que receber\u00e1(\u00e3o) a ora\u00e7\u00e3o no caderno de preces. <\/p>\n\n\n\n<p>Caso tenha alguma <strong><em>d\u00favida<\/em><\/strong> ou <strong><em>sugest\u00e3o<\/em><\/strong>, use tamb\u00e9m o &#8220;<strong>Formul\u00e1rio de Contato<\/strong>&#8221; que tamb\u00e9m o responderemos com satisfa\u00e7\u00e3o na maior brevidade poss\u00edvel.<\/p>\n\n\n\n<hr class=\"wp-block-separator has-alpha-channel-opacity\"\/>\n\n\n\n<h2 class=\"wp-block-heading has-text-align-center\">Grupo de WhatsApp<\/h2>\n\n\n\n<p class=\"has-text-align-center\"><a href=\"https:\/\/chat.whatsapp.com\/Ku6ugPAzUa5CtVt05eoj8Z\" target=\"_blank\" rel=\"noreferrer noopener\">Clique aqui para entrar no grupo de WhatsApp do GECBEM!!<\/a><\/p>\n\n\n\n<p>Neste grupo s\u00e3o enviadas mensagens edificantes crist\u00e3s\/esp\u00edritas todos os dias e divulgadas todas as atividades que ocorrem em nosso Grupo. <strong><em>Participe!<\/em><\/strong><\/p>\n\n\n\n<hr class=\"wp-block-separator has-alpha-channel-opacity\"\/>\n\n\n\n<p>Abaixo segue a <strong>Programa\u00e7\u00e3o<\/strong> de Reuni\u00f5es P\u00fablicas, Evangeliza\u00e7\u00e3o Infantil, EADE e um compilado com todas as <strong>Atividades<\/strong> do Grupo:<\/p>\n\n\n\n<h2 class=\"wp-block-heading has-text-align-center\">Programa\u00e7\u00e3o<\/h2>\n\n\n\n<p class=\"has-text-align-center\"><strong>Reuni\u00f5es P\u00fablicas<\/strong><\/p>\n\n\n<div class=\"wp-block-image\">\n<figure class=\"aligncenter size-full is-resized\"><img loading=\"lazy\" decoding=\"async\" width=\"1078\" height=\"706\" src=\"https:\/\/gecbem.org.in\/wp-content\/uploads\/2026\/04\/Palestras_042026.jpg\" alt=\"\" class=\"wp-image-2233\" style=\"width:822px;height:auto\" srcset=\"https:\/\/gecbem.org.in\/wp-content\/uploads\/2026\/04\/Palestras_042026.jpg 1078w, https:\/\/gecbem.org.in\/wp-content\/uploads\/2026\/04\/Palestras_042026-300x196.jpg 300w, https:\/\/gecbem.org.in\/wp-content\/uploads\/2026\/04\/Palestras_042026-1024x671.jpg 1024w, https:\/\/gecbem.org.in\/wp-content\/uploads\/2026\/04\/Palestras_042026-768x503.jpg 768w, https:\/\/gecbem.org.in\/wp-content\/uploads\/2026\/04\/Palestras_042026-350x230.jpg 350w, https:\/\/gecbem.org.in\/wp-content\/uploads\/2026\/04\/Palestras_042026-850x557.jpg 850w\" sizes=\"auto, (max-width: 1078px) 100vw, 1078px\" \/><\/figure>\n<\/div>\n\n\n<div style=\"height:28px\" aria-hidden=\"true\" class=\"wp-block-spacer\"><\/div>\n\n\n\n<p class=\"has-text-align-center\"><strong>Evangeliza\u00e7\u00e3o Infantil<\/strong><\/p>\n\n\n<div class=\"wp-block-image\">\n<figure class=\"aligncenter size-full\"><a href=\"https:\/\/gecbem.org.in\/?p=714\"><img loading=\"lazy\" decoding=\"async\" width=\"1115\" height=\"638\" src=\"https:\/\/gecbem.org.in\/wp-content\/uploads\/2026\/03\/EvInfantil_042026-1.jpg\" alt=\"\" class=\"wp-image-2230\" srcset=\"https:\/\/gecbem.org.in\/wp-content\/uploads\/2026\/03\/EvInfantil_042026-1.jpg 1115w, https:\/\/gecbem.org.in\/wp-content\/uploads\/2026\/03\/EvInfantil_042026-1-300x172.jpg 300w, https:\/\/gecbem.org.in\/wp-content\/uploads\/2026\/03\/EvInfantil_042026-1-1024x586.jpg 1024w, https:\/\/gecbem.org.in\/wp-content\/uploads\/2026\/03\/EvInfantil_042026-1-768x439.jpg 768w, https:\/\/gecbem.org.in\/wp-content\/uploads\/2026\/03\/EvInfantil_042026-1-850x486.jpg 850w\" sizes=\"auto, (max-width: 1115px) 100vw, 1115px\" \/><\/a><\/figure>\n<\/div>\n\n\n<div style=\"height:35px\" aria-hidden=\"true\" class=\"wp-block-spacer\"><\/div>\n\n\n\n<p class=\"has-text-align-center\"><strong>EADE<\/strong><\/p>\n\n\n<div class=\"wp-block-image\">\n<figure class=\"aligncenter size-full\"><a href=\"https:\/\/forms.office.com\/Pages\/ResponsePage.aspx?id=DQSIkWdsW0yxEjajBLZtrQAAAAAAAAAAAAN__iCguxxUQkQ2RjdMTExJVzZKQjBDR1FTQ1lTRTlSUi4u\" target=\"_blank\" rel=\" noreferrer noopener\"><img loading=\"lazy\" decoding=\"async\" width=\"720\" height=\"1096\" src=\"https:\/\/gecbem.org.in\/wp-content\/uploads\/2026\/03\/EADE_042026.jpeg\" alt=\"\" class=\"wp-image-2231\" srcset=\"https:\/\/gecbem.org.in\/wp-content\/uploads\/2026\/03\/EADE_042026.jpeg 720w, https:\/\/gecbem.org.in\/wp-content\/uploads\/2026\/03\/EADE_042026-197x300.jpeg 197w, https:\/\/gecbem.org.in\/wp-content\/uploads\/2026\/03\/EADE_042026-673x1024.jpeg 673w, https:\/\/gecbem.org.in\/wp-content\/uploads\/2026\/03\/EADE_042026-300x457.jpeg 300w\" sizes=\"auto, (max-width: 720px) 100vw, 720px\" \/><\/a><\/figure>\n<\/div>\n\n\n<div class=\"wp-block-buttons is-content-justification-center is-layout-flex wp-container-core-buttons-is-layout-16018d1d wp-block-buttons-is-layout-flex\">\n<div class=\"wp-block-button\"><a class=\"wp-block-button__link wp-element-button\" href=\"https:\/\/meet.google.com\/ewg-xzrg-emn\" target=\"_blank\" rel=\"noreferrer noopener\">Clique aqui e acesse a sala virtual<\/a><\/div>\n<\/div>\n\n\n\n<div class=\"wp-block-buttons is-content-justification-center is-layout-flex wp-container-core-buttons-is-layout-16018d1d wp-block-buttons-is-layout-flex\">\n<div class=\"wp-block-button\"><a class=\"wp-block-button__link wp-element-button\" href=\"https:\/\/drive.google.com\/drive\/folders\/1oYNtORtQwVW6OSnR1oOX6bh-LnY-A43l?usp=drive_link\" target=\"_blank\" rel=\"noreferrer noopener\">Clique aqui para acessar as obras utilizadas no estudo<\/a><\/div>\n<\/div>\n\n\n\n<div style=\"height:37px\" aria-hidden=\"true\" class=\"wp-block-spacer\"><\/div>\n\n\n\n<hr class=\"wp-block-separator has-alpha-channel-opacity\"\/>\n\n\n\n<h2 class=\"wp-block-heading has-text-align-center\">Nossas Atividades<\/h2>\n\n\n\n<div class=\"wp-block-group\"><div class=\"wp-block-group__inner-container is-layout-constrained wp-block-group-is-layout-constrained\">\n<p><strong>2\u00aa Feira:<\/strong><br>14:30 \u00e0s 18:30h &#8211; Bazar da Pechincha  <br>19 \u00e0s 20h &#8211; Estudo sobre mediunidade realizado pela equipe que participa da Reuni\u00e3o Medi\u00fanica (restrito) <br>19 \u00e0s 21h &#8211; <strong>Atendimento Fraterno<\/strong> presencial no grupo (agendado) (envie seus dados pelo <em>Formul\u00e1rio de Contato<\/em> que entramos em contato para realizarmos o agendamento)  <br>19 \u00e0s 20:30h &#8211; Biblioteca e Livraria -&gt; <a href=\"https:\/\/gecbem.org.in\/?p=317\">Clique aqui para acessar o acervo a venda na Livraria Jo\u00e3o Dutra<\/a>. <a href=\"https:\/\/gecbem.org.in\/?p=330\">Clique aqui para acessar os livros dispon\u00edveis na Biblioteca Bezerra de Menezes<\/a> <br>20 \u00e0s 21h &#8211; Reuni\u00e3o p\u00fablica  <br>21 \u00e0s 21:20h &#8211; Passes  <\/p>\n<\/div><\/div>\n\n\n\n<div style=\"height:16px\" aria-hidden=\"true\" class=\"wp-block-spacer\"><\/div>\n\n\n\n<p class=\"has-text-align-left\"><strong>3\u00aa Feira:<\/strong><br>19:30 \u00e0s 21h &#8211; Estudo sobre <strong>Mediunidade: Estudo e Pr\u00e1tica<\/strong> (finalizado)<br>19:55 \u00e1s 21h &#8211; Estudo Aprofundado da Doutrina &#8211; EADE (virtual) -&gt; <a href=\"https:\/\/meet.google.com\/ewg-xzrg-emn\" target=\"_blank\" rel=\"noreferrer noopener\">Clique aqui para acessar a sala<\/a>.<br><a href=\"http:\/\/drive.google.com\/drive\/folders\/1oYNtORtQwVW6OSnR1oOX6bh-LnY-A43l?usp=sharing\" target=\"_blank\" rel=\"noreferrer noopener\">Clique aqui para acessar os materiais do EADE<\/a>  <\/p>\n\n\n\n<div style=\"height:13px\" aria-hidden=\"true\" class=\"wp-block-spacer\"><\/div>\n\n\n\n<p>\u200b<strong>4\u00aa Feira:<\/strong><br>14 \u00e0s 16h &#8211; Sala de Costura <br>18:50 \u00e0s 19:55h &#8211; Estudo do livro <strong>OBREIROS DA VIDA ETERNA (iniciado dia <\/strong><em><strong>19<\/strong><\/em><em><strong>\/11\/2025<\/strong> &#8211; Para participar, basta comparecer. <strong>Participe!!<\/strong><\/em>) <br>19 \u00e0s 21h &#8211; <strong>Atendimento Fraterno<\/strong> presencial no grupo (agendado) (envie seus dados pelo <em>Formul\u00e1rio de<\/em> <em>Contato<\/em> que entramos em contato para realizarmos o agendamento) <br>19 \u00e0s 20:30h &#8211; Biblioteca e Livraria -&gt; <a href=\"https:\/\/gecbem.org.in\/?p=317\">Clique aqui para acessar o acervo a venda na Livraria Jo\u00e3o Dutra<\/a>. <a href=\"https:\/\/gecbem.org.in\/?p=330\">Clique aqui para acessar os livros dispon\u00edveis na Biblioteca Bezerra de Menezes<\/a> <br>19:50 \u00e0s 20:55h &#8211; Evangeliza\u00e7\u00e3o infantil  <br>20 \u00e0s 21h &#8211; Reuni\u00e3o p\u00fablica <br>21 \u00e0s 21:20h &#8211; Passes<\/p>\n\n\n\n<div style=\"height:12px\" aria-hidden=\"true\" class=\"wp-block-spacer\"><\/div>\n\n\n\n<p><strong>5\u00aa Feira:<\/strong><br>13:30 \u00e0s 15:30h &#8211; Sopa Fraterna  <br>20 \u00e0s 21h &#8211; Reuni\u00e3o Medi\u00fanica (restrita)<\/p>\n\n\n\n<div style=\"height:13px\" aria-hidden=\"true\" class=\"wp-block-spacer\"><\/div>\n\n\n\n<p>\u200b<strong>6\u00aa Feira:<\/strong><br>16:30 \u00e0s 19h &#8211; Macarronada Fraterna (<strong><em>esta tarefa foi iniciada dia 12\/04\/24 &#8211; Participem!!!<\/em><\/strong> &#8211; Para participar basta procurar o Saulus) <br>19 \u00e0s 21h &#8211; Visita Fraterna residencial em equipe (agendado) (envie seus dados pelo <em>Formul\u00e1rio de<\/em> <em>Contato<\/em> que entramos em contato)<\/p>\n\n\n\n<div style=\"height:12px\" aria-hidden=\"true\" class=\"wp-block-spacer\"><\/div>\n\n\n\n<p><strong>S\u00e1bado:<\/strong><br>14 \u00e0s 16:30h &#8211; Sopa Fraterna  <br>15:30 \u00e0s 17h &#8211; Todo segundo s\u00e1bado do m\u00eas \u00e9 realizada a evangeliza\u00e7\u00e3o e distribui\u00e7\u00e3o de cestas b\u00e1sicas para as fam\u00edlias cadastradas <br>17 \u00e0s 18:30h &#8211; <strong>Curso de Passe<\/strong> e <strong>ESDE<\/strong> (Estudo Sistematizado da Doutrina Esp\u00edrita) (<a href=\"https:\/\/gecbem.org.in\/?p=191\">Inscri\u00e7\u00f5es abertas! Inscreva-se clicando aqui<\/a>)<\/p>\n\n\n\n<div style=\"height:12px\" aria-hidden=\"true\" class=\"wp-block-spacer\"><\/div>\n\n\n\n<p><strong>Domingo:<\/strong><br>09:20 \u00e0s 11:30h &#8211; Campanha do Quilo Francisco de Assis.<\/p>\n\n\n\n<div style=\"height:58px\" aria-hidden=\"true\" class=\"wp-block-spacer\"><\/div>\n\n\n\n<hr class=\"wp-block-separator has-alpha-channel-opacity\"\/>\n\n\n\n<div style=\"height:36px\" aria-hidden=\"true\" class=\"wp-block-spacer\"><\/div>\n\n\n\n<h2 class=\"wp-block-heading has-text-align-center\">Formul\u00e1rio de Contato<\/h2>\n\n\n\n<p>Entre em contato conosco atrav\u00e9s do formul\u00e1rio abaixo para solicitar <strong><em>Atendimento Fraterno<\/em><\/strong>, <strong><em>Visita Fraterna<\/em><\/strong>, pedir <strong><em>ora\u00e7\u00e3o<\/em><\/strong>, tirar <strong><em>d\u00favidas<\/em><\/strong> sobre as atividades do Grupo, obter <strong><em>esclarecimento<\/em><\/strong> sobre quaisquer <strong><em>d\u00favidas<\/em><\/strong> ou enviar <strong><em>sugest\u00f5es<\/em><\/strong>. <strong>Fique \u00e0 vontade!<\/strong><\/p>\n\n\n<style id=\"wpforms-css-vars-35-block-cf5d8934-61d8-4295-affe-74fee330b907\">\n\t\t\t\t#wpforms-35.wpforms-block-cf5d8934-61d8-4295-affe-74fee330b907 {\n\t\t\t\t--wpforms-field-size-input-height: 43px;\n--wpforms-field-size-input-spacing: 15px;\n--wpforms-field-size-font-size: 16px;\n--wpforms-field-size-line-height: 19px;\n--wpforms-field-size-padding-h: 14px;\n--wpforms-field-size-checkbox-size: 16px;\n--wpforms-field-size-sublabel-spacing: 5px;\n--wpforms-field-size-icon-size: 1;\n--wpforms-label-size-font-size: 16px;\n--wpforms-label-size-line-height: 19px;\n--wpforms-label-size-sublabel-font-size: 14px;\n--wpforms-label-size-sublabel-line-height: 17px;\n--wpforms-button-size-font-size: 17px;\n--wpforms-button-size-height: 41px;\n--wpforms-button-size-padding-h: 15px;\n--wpforms-button-size-margin-top: 10px;\n\t\t\t}\n\t\t\t<\/style><div class=\"wpforms-container wpforms-container-full wpforms-block wpforms-block-cf5d8934-61d8-4295-affe-74fee330b907 wpforms-render-modern\" id=\"wpforms-35\"><form id=\"wpforms-form-35\" class=\"wpforms-validate wpforms-form wpforms-ajax-form\" data-formid=\"35\" method=\"post\" enctype=\"multipart\/form-data\" action=\"\/index.php?rest_route=%2Fwp%2Fv2%2Fpages%2F31\" data-token=\"da67ad33e89214ab510cd2bcd89b6e4f\" data-token-time=\"1775878337\"><noscript class=\"wpforms-error-noscript\">Ative o JavaScript no seu navegador para preencher este formul\u00e1rio.<\/noscript><div id=\"wpforms-error-noscript\" style=\"display: none;\">Ative o JavaScript no seu navegador para preencher este formul\u00e1rio.<\/div><div class=\"wpforms-field-container\"><div id=\"wpforms-35-field_0-container\" class=\"wpforms-field wpforms-field-name\" data-field-id=\"0\"><fieldset><legend class=\"wpforms-field-label\">Nome <span class=\"wpforms-required-label\" aria-hidden=\"true\">*<\/span><\/legend><div class=\"wpforms-field-row wpforms-field-medium\"><div class=\"wpforms-field-row-block wpforms-first wpforms-one-half\"><input type=\"text\" id=\"wpforms-35-field_0\" class=\"wpforms-field-name-first wpforms-field-required\" name=\"wpforms[fields][0][first]\" aria-errormessage=\"wpforms-35-field_0-error\" required><label for=\"wpforms-35-field_0\" class=\"wpforms-field-sublabel after\">Nome<\/label><\/div><div class=\"wpforms-field-row-block wpforms-one-half\"><input type=\"text\" id=\"wpforms-35-field_0-last\" class=\"wpforms-field-name-last wpforms-field-required\" name=\"wpforms[fields][0][last]\" aria-errormessage=\"wpforms-35-field_0-last-error\" required><label for=\"wpforms-35-field_0-last\" class=\"wpforms-field-sublabel after\">Sobrenome<\/label><\/div><\/div><\/fieldset><\/div><div id=\"wpforms-35-field_3-container\" class=\"wpforms-field wpforms-field-text\" data-field-id=\"3\"><label class=\"wpforms-field-label\" for=\"wpforms-35-field_3\">N\u00ba Celular (com WhatsApp) <span class=\"wpforms-required-label\" aria-hidden=\"true\">*<\/span><\/label><input type=\"text\" id=\"wpforms-35-field_3\" class=\"wpforms-field-medium wpforms-field-required\" name=\"wpforms[fields][3]\" aria-errormessage=\"wpforms-35-field_3-error\" aria-describedby=\"wpforms-35-field_3-description\" required><div id=\"wpforms-35-field_3-description\" class=\"wpforms-field-description\">Informe seu n\u00famero de WhatsApp. Poderemos responder por e-mail ou por WhatsApp.<\/div><\/div><div id=\"wpforms-35-field_1-container\" class=\"wpforms-field wpforms-field-email\" data-field-id=\"1\"><label class=\"wpforms-field-label\" for=\"wpforms-35-field_1\">E-mail <span class=\"wpforms-required-label\" aria-hidden=\"true\">*<\/span><\/label><input type=\"email\" id=\"wpforms-35-field_1\" class=\"wpforms-field-medium wpforms-field-required\" name=\"wpforms[fields][1]\" spellcheck=\"false\" aria-errormessage=\"wpforms-35-field_1-error\" aria-describedby=\"wpforms-35-field_1-description\" required><div id=\"wpforms-35-field_1-description\" class=\"wpforms-field-description\">Informe seu E-mail. Poderemos responder por e-mail ou por WhatsApp.<\/div><\/div><div id=\"wpforms-35-field_2-container\" class=\"wpforms-field wpforms-field-textarea\" data-field-id=\"2\"><label class=\"wpforms-field-label\" for=\"wpforms-35-field_2\">Informe se \u00e9 solicita\u00e7\u00e3o de Atendimento\/Visita Fraterna ou deixe sua mensagem (caso esteja solicitando ora\u00e7\u00e3o, informe, se encarnado, o endere\u00e7o de quem a receber\u00e1)<\/label><textarea id=\"wpforms-35-field_2\" class=\"wpforms-field-medium\" name=\"wpforms[fields][2]\" aria-errormessage=\"wpforms-35-field_2-error\" ><\/textarea><\/div><\/div><!-- .wpforms-field-container --><div class=\"wpforms-submit-container\" ><input type=\"hidden\" name=\"wpforms[id]\" value=\"35\"><input type=\"hidden\" name=\"page_title\" value=\"\"><input type=\"hidden\" name=\"page_url\" value=\"https:\/\/gecbem.org.in\/index.php?rest_route=\/wp\/v2\/pages\/31\"><input type=\"hidden\" name=\"url_referer\" value=\"\"><button type=\"submit\" name=\"wpforms[submit]\" id=\"wpforms-submit-35\" class=\"wpforms-submit\" data-alt-text=\"Enviando\u2026\" data-submit-text=\"Enviar\" aria-live=\"assertive\" value=\"wpforms-submit\">Enviar<\/button><img loading=\"lazy\" decoding=\"async\" src=\"https:\/\/gecbem.org.in\/wp-content\/plugins\/wpforms-lite\/assets\/images\/submit-spin.svg\" class=\"wpforms-submit-spinner\" style=\"display: none;\" width=\"26\" height=\"26\" alt=\"Carregando\"><\/div><\/form><\/div>  <!-- .wpforms-container -->\n\n\n<p><\/p>\n","protected":false},"excerpt":{"rendered":"<p>Esp\u00edritas! amai-vos, este o primeiro ensinamento; instru\u00ed-vos, este o segundo. (O Esp\u00edrito de Verdade. (Paris, 1860.)) Como solicitar Atendimento Fraterno, Visita Fraterna e Ora\u00e7\u00e3o Caso queira solicitar Atendimento Fraterno ou Visita Fraterna ou Ora\u00e7\u00e3o, basta preencher o &#8220;Formul\u00e1rio de Contato&#8221; que est\u00e1 no final desta p\u00e1gina. Para as solicita\u00e7\u00f5es de Atendimento e Visita Fraterna entraremos&#8230;<\/p>\n","protected":false},"author":1,"featured_media":0,"parent":0,"menu_order":0,"comment_status":"open","ping_status":"closed","template":"","meta":{"footnotes":""},"class_list":["post-31","page","type-page","status-publish","hentry"],"_links":{"self":[{"href":"https:\/\/gecbem.org.in\/index.php?rest_route=\/wp\/v2\/pages\/31","targetHints":{"allow":["GET"]}}],"collection":[{"href":"https:\/\/gecbem.org.in\/index.php?rest_route=\/wp\/v2\/pages"}],"about":[{"href":"https:\/\/gecbem.org.in\/index.php?rest_route=\/wp\/v2\/types\/page"}],"author":[{"embeddable":true,"href":"https:\/\/gecbem.org.in\/index.php?rest_route=\/wp\/v2\/users\/1"}],"replies":[{"embeddable":true,"href":"https:\/\/gecbem.org.in\/index.php?rest_route=%2Fwp%2Fv2%2Fcomments&post=31"}],"version-history":[{"count":441,"href":"https:\/\/gecbem.org.in\/index.php?rest_route=\/wp\/v2\/pages\/31\/revisions"}],"predecessor-version":[{"id":2234,"href":"https:\/\/gecbem.org.in\/index.php?rest_route=\/wp\/v2\/pages\/31\/revisions\/2234"}],"wp:attachment":[{"href":"https:\/\/gecbem.org.in\/index.php?rest_route=%2Fwp%2Fv2%2Fmedia&parent=31"}],"curies":[{"name":"wp","href":"https:\/\/api.w.org\/{rel}","templated":true}]}}